{"id":41,"date":"2020-06-16T12:03:07","date_gmt":"2020-06-16T11:03:07","guid":{"rendered":"https:\/\/academyofbarmycomposers.com\/?page_id=41"},"modified":"2025-01-14T18:14:00","modified_gmt":"2025-01-14T18:14:00","slug":"contact","status":"publish","type":"page","link":"https:\/\/academyofbarmycomposers.com\/cy\/contact\/","title":{"rendered":"Cyswllt"},"content":{"rendered":"<div class=\"wp-block-jetpack-layout-grid alignfull column1-desktop-grid__span-3 column1-desktop-grid__start-2 column1-desktop-grid__row-1 column2-desktop-grid__span-4 column2-desktop-grid__start-5 column2-desktop-grid__row-1 column3-desktop-grid__span-3 column3-desktop-grid__start-9 column3-desktop-grid__row-1 column1-tablet-grid__span-4 column1-tablet-grid__row-1 column2-tablet-grid__span-4 column2-tablet-grid__start-5 column2-tablet-grid__row-1 column3-tablet-grid__span-4 column3-tablet-grid__start-3 column3-tablet-grid__row-2 column1-mobile-grid__span-4 column1-mobile-grid__row-1 column2-mobile-grid__span-4 column2-mobile-grid__row-2 column3-mobile-grid__span-2 column3-mobile-grid__start-2 column3-mobile-grid__row-3\">\n<div class=\"wp-block-jetpack-layout-grid-column wp-block-jetpack-layout-grid__padding-none\">\n<h2 class=\"wp-block-heading\">Cyswllt<\/h2>\n\n\n\n<p>Cysylltwch \u00e2 ni er mwyn trafod dod \u00e2\u2019r gweithdai ABC i\u2019ch ysgol neu i\u2019ch gr\u0175p.<\/p>\n\n\n\n<p>Croesewir hefyd ymholiadau yngl\u0177n \u00e2 chydweithio \u00e2 chyrff eraill.<\/p>\n\n\n\n<div class=\"wp-block-jetpack-contact-info\">\n<div class=\"wp-block-jetpack-email\"><a href=\"mailto:info@abcofopera.com\">info@abcofopera.com<\/a><\/div>\n\n\n\n<div class=\"wp-block-jetpack-email\"><a href=\"mailto:mark@abcofopera.com\">mark@abcofopera.com<\/a><\/div>\n\n\n\n<div class=\"wp-block-jetpack-phone\"><a href=\"tel:+4407793562932\">+44 (0)7793 562 932<\/a><\/div>\n\n\n\n<div style=\"height:20px\" aria-hidden=\"true\" class=\"wp-block-spacer\"><\/div>\n\n\n\n<div class=\"wp-block-jetpack-address\"><div class=\"jetpack-address__address jetpack-address__address1\">7 St David&#8217;s Place<\/div><div class=\"jetpack-address__address jetpack-address__address2\">Llantrisant<\/div><div><span class=\"jetpack-address__region\"><\/span> <span class=\"jetpack-address__postal\">CF72 8HA<\/span><\/div><div class=\"jetpack-address__country\">UK<\/div><\/div>\n<\/div>\n\n\n\n<p class=\"has-small-font-size\">ABC of Opera Ltd<br>Company Number 10363052<\/p>\n\n\n\n<p class=\"has-small-font-size\">ABC of Opera Productions Ltd<br>Company Number 11406625<\/p>\n\n\n\n<ul class=\"wp-block-social-links is-layout-flex wp-block-social-links-is-layout-flex\"><li class=\"wp-social-link wp-social-link-facebook  wp-block-social-link\"><a href=\"https:\/\/twitter.com\/ABCofOpera\" class=\"wp-block-social-link-anchor\"><svg width=\"24\" height=\"24\" viewbox=\"0 0 24 24\" version=\"1.1\" xmlns=\"http:\/\/www.w3.org\/2000\/svg\" aria-hidden=\"true\" focusable=\"false\"><path d=\"M12 2C6.5 2 2 6.5 2 12c0 5 3.7 9.1 8.4 9.9v-7H7.9V12h2.5V9.8c0-2.5 1.5-3.9 3.8-3.9 1.1 0 2.2.2 2.2.2v2.5h-1.3c-1.2 0-1.6.8-1.6 1.6V12h2.8l-.4 2.9h-2.3v7C18.3 21.1 22 17 22 12c0-5.5-4.5-10-10-10z\"><\/path><\/svg><span class=\"wp-block-social-link-label screen-reader-text\">Facebook<\/span><\/a><\/li>\n\n<li class=\"wp-social-link wp-social-link-twitter  wp-block-social-link\"><a href=\"https:\/\/twitter.com\/ABCofOpera\" class=\"wp-block-social-link-anchor\"><svg width=\"24\" height=\"24\" viewbox=\"0 0 24 24\" version=\"1.1\" xmlns=\"http:\/\/www.w3.org\/2000\/svg\" aria-hidden=\"true\" focusable=\"false\"><path d=\"M22.23,5.924c-0.736,0.326-1.527,0.547-2.357,0.646c0.847-0.508,1.498-1.312,1.804-2.27 c-0.793,0.47-1.671,0.812-2.606,0.996C18.324,4.498,17.257,4,16.077,4c-2.266,0-4.103,1.837-4.103,4.103 c0,0.322,0.036,0.635,0.106,0.935C8.67,8.867,5.647,7.234,3.623,4.751C3.27,5.357,3.067,6.062,3.067,6.814 c0,1.424,0.724,2.679,1.825,3.415c-0.673-0.021-1.305-0.206-1.859-0.513c0,0.017,0,0.034,0,0.052c0,1.988,1.414,3.647,3.292,4.023 c-0.344,0.094-0.707,0.144-1.081,0.144c-0.264,0-0.521-0.026-0.772-0.074c0.522,1.63,2.038,2.816,3.833,2.85 c-1.404,1.1-3.174,1.756-5.096,1.756c-0.331,0-0.658-0.019-0.979-0.057c1.816,1.164,3.973,1.843,6.29,1.843 c7.547,0,11.675-6.252,11.675-11.675c0-0.178-0.004-0.355-0.012-0.531C20.985,7.47,21.68,6.747,22.23,5.924z\"><\/path><\/svg><span class=\"wp-block-social-link-label screen-reader-text\">Twitter<\/span><\/a><\/li><\/ul>\n<\/div>\n\n\n\n<div class=\"wp-block-jetpack-layout-grid-column wp-block-jetpack-layout-grid__padding-none\"><div class=\"wp-block-jetpack-contact-form is-layout-flex wp-container-jetpack-contact-form-is-layout-faa3ad1c wp-block-jetpack-contact-form-is-layout-flex\"><a href=\"https:\/\/academyofbarmycomposers.com\/cy\/contact\/\" target=\"_blank\" rel=\"noopener noreferrer\">Submit a form.<\/a><\/div><\/div>\n\n\n\n<div class=\"wp-block-jetpack-layout-grid-column wp-block-jetpack-layout-grid__padding-none\">\n<figure class=\"wp-block-image alignwide size-large\"><img data-recalc-dims=\"1\" loading=\"lazy\" decoding=\"async\" width=\"700\" height=\"700\" data-attachment-id=\"1379\" data-permalink=\"https:\/\/academyofbarmycomposers.com\/cy\/composers\/contact-3\/\" data-orig-file=\"https:\/\/i0.wp.com\/academyofbarmycomposers.com\/wp-content\/uploads\/2020\/09\/Contact-1.png?fit=700%2C700&amp;ssl=1\" data-orig-size=\"700,700\" data-comments-opened=\"0\" data-image-meta=\"{&quot;aperture&quot;:&quot;0&quot;,&quot;credit&quot;:&quot;&quot;,&quot;camera&quot;:&quot;&quot;,&quot;caption&quot;:&quot;&quot;,&quot;created_timestamp&quot;:&quot;0&quot;,&quot;copyright&quot;:&quot;&quot;,&quot;focal_length&quot;:&quot;0&quot;,&quot;iso&quot;:&quot;0&quot;,&quot;shutter_speed&quot;:&quot;0&quot;,&quot;title&quot;:&quot;&quot;,&quot;orientation&quot;:&quot;0&quot;}\" data-image-title=\"Contact\" data-image-description=\"\" data-image-caption=\"\" data-large-file=\"https:\/\/i0.wp.com\/academyofbarmycomposers.com\/wp-content\/uploads\/2020\/09\/Contact-1.png?fit=700%2C700&amp;ssl=1\" src=\"https:\/\/i0.wp.com\/academyofbarmycomposers.com\/wp-content\/uploads\/2020\/09\/Contact-1.png?resize=700%2C700&#038;ssl=1\" alt=\"\" class=\"wp-image-1379\" srcset=\"https:\/\/i0.wp.com\/academyofbarmycomposers.com\/wp-content\/uploads\/2020\/09\/Contact-1.png?w=700&amp;ssl=1 700w, https:\/\/i0.wp.com\/academyofbarmycomposers.com\/wp-content\/uploads\/2020\/09\/Contact-1.png?resize=300%2C300&amp;ssl=1 300w, https:\/\/i0.wp.com\/academyofbarmycomposers.com\/wp-content\/uploads\/2020\/09\/Contact-1.png?resize=150%2C150&amp;ssl=1 150w, https:\/\/i0.wp.com\/academyofbarmycomposers.com\/wp-content\/uploads\/2020\/09\/Contact-1.png?resize=400%2C400&amp;ssl=1 400w, https:\/\/i0.wp.com\/academyofbarmycomposers.com\/wp-content\/uploads\/2020\/09\/Contact-1.png?resize=200%2C200&amp;ssl=1 200w, https:\/\/i0.wp.com\/academyofbarmycomposers.com\/wp-content\/uploads\/2020\/09\/Contact-1.png?resize=600%2C600&amp;ssl=1 600w, https:\/\/i0.wp.com\/academyofbarmycomposers.com\/wp-content\/uploads\/2020\/09\/Contact-1.png?resize=620%2C620&amp;ssl=1 620w\" sizes=\"auto, (max-width: 700px) 100vw, 700px\" \/><\/figure>\n<\/div>\n<\/div>","protected":false},"excerpt":{"rendered":"<p>Get in touch Get in touch with us to discuss bringing the ABC workshops to your school or group. Enquiries about collaborating with other organisations are also welcomed. ABC of Opera LtdCompany Number 10363052 ABC of Opera Productions LtdCompany Number 11406625<\/p>","protected":false},"author":186802905,"featured_media":0,"parent":0,"menu_order":0,"comment_status":"closed","ping_status":"closed","template":"","meta":{"_coblocks_attr":"","_coblocks_dimensions":"","_coblocks_responsive_height":"","_coblocks_accordion_ie_support":"","advgb_blocks_editor_width":"","advgb_blocks_columns_visual_guide":"","footnotes":""},"class_list":{"0":"post-41","1":"page","2":"type-page","3":"status-publish","5":"entry"},"coauthors":[],"author_meta":{"author_link":"https:\/\/academyofbarmycomposers.com\/cy\/author\/abcopera\/","display_name":"abcopera"},"relative_dates":{"created":"Posted 6 blynedd ago","modified":"Updated 1 blwyddyn ago"},"absolute_dates":{"created":"Posted on Mehefin 16, 2020","modified":"Updated on Ionawr 14, 2025"},"absolute_dates_time":{"created":"Posted on Mehefin 16, 2020 12:03 pm","modified":"Updated on Ionawr 14, 2025 6:14 pm"},"featured_img_caption":"","featured_img":false,"series_order":"","jetpack_sharing_enabled":false,"jetpack_shortlink":"https:\/\/wp.me\/Pc2v3e-F","amp_enabled":true,"_links":{"self":[{"href":"https:\/\/academyofbarmycomposers.com\/cy\/wp-json\/wp\/v2\/pages\/41","targetHints":{"allow":["GET"]}}],"collection":[{"href":"https:\/\/academyofbarmycomposers.com\/cy\/wp-json\/wp\/v2\/pages"}],"about":[{"href":"https:\/\/academyofbarmycomposers.com\/cy\/wp-json\/wp\/v2\/types\/page"}],"author":[{"embeddable":true,"href":"https:\/\/academyofbarmycomposers.com\/cy\/wp-json\/wp\/v2\/users\/186802905"}],"replies":[{"embeddable":true,"href":"https:\/\/academyofbarmycomposers.com\/cy\/wp-json\/wp\/v2\/comments?post=41"}],"version-history":[{"count":86,"href":"https:\/\/academyofbarmycomposers.com\/cy\/wp-json\/wp\/v2\/pages\/41\/revisions"}],"predecessor-version":[{"id":4994,"href":"https:\/\/academyofbarmycomposers.com\/cy\/wp-json\/wp\/v2\/pages\/41\/revisions\/4994"}],"wp:attachment":[{"href":"https:\/\/academyofbarmycomposers.com\/cy\/wp-json\/wp\/v2\/media?parent=41"}],"curies":[{"name":"wp","href":"https:\/\/api.w.org\/{rel}","templated":true}]}}